{"id":9834,"date":"2023-12-04T14:41:09","date_gmt":"2023-12-04T13:41:09","guid":{"rendered":"https:\/\/niematerialne.nid.pl\/?page_id=9834"},"modified":"2025-06-24T10:05:10","modified_gmt":"2025-06-24T08:05:10","slug":"do-pobrania","status":"publish","type":"page","link":"https:\/\/niematerialne.nid.pl\/en\/do-pobrania\/","title":{"rendered":"Do pobrania"},"content":{"rendered":"<p>[et_pb_section fb_built=&#8221;1&#8243; _builder_version=&#8221;4.16&#8243; _module_preset=&#8221;default&#8221; custom_padding=&#8221;0px||0px|||&#8221; global_colors_info=&#8221;{}&#8221;][et_pb_row admin_label=&#8221;asdsadsdd&#8221; _builder_version=&#8221;4.27.4&#8243; _module_preset=&#8221;default&#8221; background_image=&#8221;https:\/\/niematerialne.nid.pl\/wp-content\/uploads\/2025\/01\/niematerialne_header.jpg&#8221; width=&#8221;100%&#8221; max_width=&#8221;100%&#8221; height=&#8221;520px&#8221; custom_margin=&#8221;|auto||auto|false|false&#8221; custom_padding=&#8221;0px||0px|||&#8221; global_colors_info=&#8221;{}&#8221;][et_pb_column type=&#8221;4_4&#8243; _builder_version=&#8221;4.16&#8243; _module_preset=&#8221;default&#8221; global_colors_info=&#8221;{}&#8221;][\/et_pb_column][\/et_pb_row][\/et_pb_section][et_pb_section fb_built=&#8221;1&#8243; _builder_version=&#8221;4.16&#8243; _module_preset=&#8221;default&#8221; custom_padding=&#8221;0px|0px|0px|0px|false|false&#8221; global_colors_info=&#8221;{}&#8221;][et_pb_row _builder_version=&#8221;4.16&#8243; _module_preset=&#8221;default&#8221; width=&#8221;100%&#8221; max_width=&#8221;100%&#8221; custom_padding=&#8221;50px|50px|50px|50px|false|false&#8221; global_colors_info=&#8221;{}&#8221;][et_pb_column type=&#8221;4_4&#8243; _builder_version=&#8221;4.16&#8243; _module_preset=&#8221;default&#8221; global_colors_info=&#8221;{}&#8221;][et_pb_code _builder_version=&#8221;4.16&#8243; _module_preset=&#8221;default&#8221; custom_margin=&#8221;||0px||false|false&#8221; custom_padding=&#8221;||||false|false&#8221; global_colors_info=&#8221;{}&#8221;]<\/p>\n<div id=\"backButtonBox\" class=\"et_pb_module et_pb_text et_pb_text_0  et_pb_text_align_left et_pb_bg_layout_light\" style=\"display: block;\"><!-- [et_pb_line_break_holder] --><\/p>\n<div class=\"et_pb_text_inner\">\n<div class=\"backButton\" onclick=\"javascript:window.history.back();\"><span>\u2190<\/span>Powr\u00f3t<\/div>\n<\/div>\n<p><!-- [et_pb_line_break_holder] --><\/div>\n<p>[\/et_pb_code][et_pb_text _builder_version=&#8221;4.16&#8243; _dynamic_attributes=&#8221;content&#8221; _module_preset=&#8221;default&#8221; text_font_size=&#8221;26px&#8221; custom_margin=&#8221;||25px||false|false&#8221; custom_padding=&#8221;||||false|false&#8221; global_colors_info=&#8221;{}&#8221;]@ET-DC@eyJkeW5hbWljIjp0cnVlLCJjb250ZW50IjoicG9zdF90aXRsZSIsInNldHRpbmdzIjp7ImJlZm9yZSI6IiIsImFmdGVyIjoiIn19@[\/et_pb_text][et_pb_divider _builder_version=&#8221;4.16&#8243; _module_preset=&#8221;default&#8221; background_color=&#8221;#e52330&#8243; height=&#8221;5px&#8221; custom_margin=&#8221;0px||25px||false|false&#8221; custom_padding=&#8221;0px||0px||false|false&#8221; global_colors_info=&#8221;{}&#8221;][\/et_pb_divider][et_pb_toggle title=&#8221;Konwencja UNESCO w sprawie ochrony niematerialnego dziedzictwa kulturowego&#8221; open_toggle_text_color=&#8221;#e52330&#8243; icon_color=&#8221;#e52330&#8243; _builder_version=&#8221;4.23.1&#8243; _module_preset=&#8221;default&#8221; title_font=&#8221;|600|||||||&#8221; closed_title_font=&#8221;|600|||||||&#8221; closed_title_font_size=&#8221;14px&#8221; min_height=&#8221;26px&#8221; custom_margin=&#8221;1px||4px||false|false&#8221; locked=&#8221;off&#8221; global_colors_info=&#8221;{}&#8221;]<a class=\"attachment\" href=\"https:\/\/niematerialne.nid.pl\/wp-content\/uploads\/2023\/01\/Dyrektywy-Operacyjne-do-Konwencji-UNESCO-2003-wersja-z-2014r..docx\" target=\"_blank\" rel=\"noopener\"> Dyrektywy Operacyjne do Konwencji UNESCO 2003 (wersja z 2014 r.)<\/a><\/p>\n<p><a class=\"attachment\" href=\"https:\/\/niematerialne.nid.pl\/wp-content\/uploads\/2023\/01\/Konwencja-UNESCO-w-sprawie-ochrony-niematerialnego-dziedzictwa-kulturowego-17.10.2003r..pdf\" target=\"_blank\" rel=\"noopener\"> Konwencja UNESCO w sprawie ochrony niematerialnego dziedzictwa kulturowego z 17 pa\u017adziernika 2003 r. <\/a>[\/et_pb_toggle][et_pb_toggle title=&#8221;Wcze\u015bniejsze akty prawne zwi\u0105zane z dziedzictwem niematerialnym&#8221; open_toggle_text_color=&#8221;#e52330&#8243; icon_color=&#8221;#e52330&#8243; _builder_version=&#8221;4.16&#8243; _module_preset=&#8221;default&#8221; title_font=&#8221;|600|||||||&#8221; closed_title_font=&#8221;|600|||||||&#8221; closed_title_font_size=&#8221;14px&#8221; min_height=&#8221;26px&#8221; custom_margin=&#8221;1px||4px||false|false&#8221; locked=&#8221;off&#8221; global_colors_info=&#8221;{}&#8221;]<a class=\"attachment\" href=\"https:\/\/niematerialne.nid.pl\/wp-content\/uploads\/2023\/01\/Konwencja-o-ochronie-dobr-kulturalnych-w-razie-konfliktu-zbrojnego-z-14.05.1954r..pdf\" target=\"_blank\" rel=\"noopener\"> Konwencja o ochronie d\u00f3br kulturalnych w razie konfliktu zbrojnego z 14 maja 1954 r <\/a><\/p>\n<p><a class=\"attachment\" href=\"https:\/\/niematerialne.nid.pl\/wp-content\/uploads\/2023\/01\/Konwencja-zmierzajaca-do-zakazu-i-zapob.-nieleg.-przywozowi-wywozowi-i-przenoszeniu-wlasnosci-dobr-kultury-z-17.11.1970r..pdf\" target=\"_blank\" rel=\"noopener\"> Konwencja zmierzaj\u0105ca do zakazu i zapobiegania nielegalnemu przywozowi, wywozowi i przenoszeniu w\u0142asno\u015bci d\u00f3br kultury z 17 listopada 1970 r. <\/a><\/p>\n<p><a class=\"attachment\" href=\"https:\/\/niematerialne.nid.pl\/wp-content\/uploads\/2023\/01\/Konwencja-w-sprawie-ochrony-dziedzictwa-kulturalnego-i-naturalnego-z-16.11.1972r..pdf\" target=\"_blank\" rel=\"noopener\"> Konwencja w sprawie ochrony dziedzictwa kulturalnego i naturalnego z 16 listopada 1972 r. <\/a><\/p>\n<p><a class=\"attachment\" href=\"https:\/\/niematerialne.nid.pl\/wp-content\/uploads\/2023\/01\/Konwencja-w-sprawie-ochrony-podwodnego-dziedzictwa-kulturowego-z-2.11.2001r.ang_.pdf\" target=\"_blank\" rel=\"noopener\"> Konwencja w sprawie ochrony podwodnego dziedzictwa kulturowego z 2 listopada 2001 r. <\/a><\/p>\n<p><a class=\"attachment\" href=\"https:\/\/niematerialne.nid.pl\/wp-content\/uploads\/2023\/01\/Zalecenie-w-sprawie-ochrony-tradycyjnej-kultury-i-folkloru-z-15.11.1989r.ang_..pdf\" target=\"_blank\" rel=\"noopener\"> Zalecenie w sprawie ochrony tradycyjnej kultury i folkloru z 15 listopada 1989 r. (ang.) <\/a><\/p>\n<p><a class=\"attachment\" href=\"https:\/\/niematerialne.nid.pl\/wp-content\/uploads\/2023\/01\/Powszechna-Deklaracja-UNESCO-w-sprawie-roznorodnosci-kulturowej-z-2.11.2001r.ang_..pdf\"> Powszechna Deklaracja UNESCO w sprawie r\u00f3\u017cnorodno\u015bci kulturowej z 2 listopada 2001 r. (ang.) <\/a><\/p>\n<p><a class=\"attachment\" href=\"https:\/\/niematerialne.nid.pl\/wp-content\/uploads\/2023\/01\/Deklaracja-ze-Stambulu-z-17-wrzesnia-2002-r.ang_..pdf\" target=\"_blank\" rel=\"noopener\"> Deklaracja ze Stambu\u0142u z 17 wrze\u015bnia 2002 r. (ang.) <\/a>[\/et_pb_toggle][et_pb_toggle title=&#8221;Krajowa lista niematerialnego dziedzictwa kulturowego&#8221; open_toggle_text_color=&#8221;#e52330&#8243; icon_color=&#8221;#e52330&#8243; _builder_version=&#8221;4.27.4&#8243; _module_preset=&#8221;default&#8221; title_font=&#8221;|600|||||||&#8221; closed_title_font=&#8221;|600|||||||&#8221; closed_title_font_size=&#8221;14px&#8221; min_height=&#8221;26px&#8221; custom_margin=&#8221;1px||4px||false|false&#8221; hover_enabled=&#8221;0&#8243; locked=&#8221;off&#8221; global_colors_info=&#8221;{}&#8221; sticky_enabled=&#8221;0&#8243;]<\/p>\n<p><a href=\"https:\/\/niematerialne.nid.pl\/wp-content\/uploads\/2023\/12\/Krajowa_lista_NDK_Regulamin-i-instrukcja-wypelniania-wniosku-droga-pocztowa.doc\" class=\"attachment\" rel=\"attachment wp-att-919 noopener noreferrer\" target=\"_blank\">Regulamin sk\u0142adania wniosk\u00f3w o wpis oraz procedury wpisywania element\u00f3w dziedzictwa niematerialnego na Krajow\u0105 list\u0119 niematerialnego dziedzictwa kulturowego wraz z instrukcj\u0105 sk\u0142adania wniosku (DOC)<\/a><\/p>\n<p><a href=\"https:\/\/niematerialne.nid.pl\/wp-content\/uploads\/2023\/12\/Krajowa_lista_NDK_Wniosek.doc\" class=\"attachment\" rel=\"attachment noopener noreferrer wp-att-919\" target=\"_blank\" title=\"Pobierz plik DOC\">Wniosek o wpis na Krajow\u0105 list\u0119 niematerialnego dziedzictwa kulturowego<\/a><\/p>\n<p><a href=\"https:\/\/niematerialne.nid.pl\/wp-content\/uploads\/2023\/12\/Krajowa_lista_NDK_Wniosek_Zal.1_Deklaracja_zgody.doc\" class=\"attachment\" rel=\"attachment noopener noreferrer wp-att-919\" target=\"_blank\" title=\"Pobierz plik DOC\"> Za\u0142\u0105cznik nr 1 do wniosku &#8211; Deklaracja zgody<\/a><\/p>\n<p><a href=\"https:\/\/niematerialne.nid.pl\/wp-content\/uploads\/2023\/12\/Krajowa_lista_NDK_Wniosek_Zal.2_Informacja-o-zgodzie-depozytariuszy-i-wyborze-przedstawiciela.doc\" class=\"attachment\" rel=\"attachment noopener noreferrer wp-att-919\" target=\"_blank\" title=\"Pobierz plik DOC\"> Za\u0142\u0105cznik nr 2 do wniosku &#8211; Informacja o zgodzie depozytariuszy i wyborze upowa\u017cnionego przedstawiciela grupy lub wsp\u00f3lnoty<\/a><\/p>\n<p><a href=\"https:\/\/niematerialne.nid.pl\/wp-content\/uploads\/2023\/12\/Krajowa_lista_NDK_Wniosek_Zal.3_Plan-dzialan-ochronnych.doc\" class=\"attachment\" rel=\"attachment noopener noreferrer wp-att-919\" target=\"_blank\" title=\"Pobierz plik DOC\"> Za\u0142\u0105cznik nr 3 do wniosku &#8211; Plan dzia\u0142a\u0144 podtrzymuj\u0105cych \u017cywotno\u015b\u0107 i s\u0142u\u017c\u0105cych ochronie<\/a><\/p>\n<p><a href=\"https:\/\/niematerialne.nid.pl\/wp-content\/uploads\/2025\/06\/Zal.-nr-4-Umowa-licencyjna-KL-instytucja_06.25.doc\" class=\"attachment\" rel=\"attachment noopener noreferrer wp-att-919\" target=\"_blank\" title=\"Pobierz plik DOC\"> Za\u0142\u0105cznik nr 4 do wniosku &#8211; Umowa licencyjna (Instytucja)<\/a><\/p>\n<p><a href=\"https:\/\/niematerialne.nid.pl\/wp-content\/uploads\/2025\/06\/Zal.-nr-4-Umowa-licencyjna-KL-osoba-prawna_06.25.doc\" class=\"attachment\" rel=\"attachment noopener noreferrer wp-att-919\" target=\"_blank\" title=\"Pobierz plik DOC\"> Za\u0142\u0105cznik nr 4 do wniosku &#8211; Umowa licencyjna (Osoba prawna)<\/a><\/p>\n<p><a href=\"https:\/\/niematerialne.nid.pl\/wp-content\/uploads\/2025\/06\/Zal.-nr-4-Umowa-licencyjna-KL-osoba-fizyczna_06.25.doc\" class=\"attachment\" rel=\"attachment noopener noreferrer wp-att-919\" target=\"_blank\" title=\"Pobierz plik DOC\"> Za\u0142\u0105cznik nr 4 do wniosku &#8211; Umowa licencyjna (Osoba fizyczna)<\/a><\/p>\n<p><a href=\"https:\/\/niematerialne.nid.pl\/wp-content\/uploads\/2023\/12\/Krajowa_lista_NDK_Wniosek_Zal.5_Zgoda-na-przetwarzanie-danych.doc\" class=\"attachment\" rel=\"attachment noopener noreferrer wp-att-919\" target=\"_blank\" title=\"Pobierz plik DOC\"> Za\u0142\u0105cznik nr 5 do wniosku &#8211; Zgoda na przetwarzanie danych osobowych przez Narodowy Instytut Dziedzictwa<\/a><\/p>\n<p>[\/et_pb_toggle][et_pb_toggle title=&#8221;Krajowy rejestr dobrych praktyk w ochronie niematerialnego dziedzictwa kulturowego&#8221; open_toggle_text_color=&#8221;#e52330&#8243; icon_color=&#8221;#e52330&#8243; _builder_version=&#8221;4.27.4&#8243; _module_preset=&#8221;default&#8221; title_font=&#8221;|600|||||||&#8221; closed_title_font=&#8221;|600|||||||&#8221; closed_title_font_size=&#8221;14px&#8221; min_height=&#8221;26px&#8221; custom_margin=&#8221;1px||4px||false|false&#8221; hover_enabled=&#8221;0&#8243; locked=&#8221;off&#8221; global_colors_info=&#8221;{}&#8221; sticky_enabled=&#8221;0&#8243;]<\/p>\n<p><a href=\"https:\/\/niematerialne.nid.pl\/wp-content\/uploads\/2023\/12\/Krajowy-rejestr-dobrych-praktyk-NDK_Regulamin.doc\" class=\"attachment\" rel=\"attachment noopener noreferrer wp-att-919\" target=\"_blank\" title=\"Pobierz plik DOC\"> Regulamin sk\u0142adania wniosk\u00f3w o wpis oraz procedury wpisywania program\u00f3w, projekt\u00f3w i dzia\u0142a\u0144 do Krajowego rejestru dobrych praktyk w ochronie niematerialnego dziedzictwa kulturowego <\/a><\/p>\n<p><a href=\"https:\/\/niematerialne.nid.pl\/wp-content\/uploads\/2023\/12\/Krajowy-rejestr-dobrych-praktyk-NDK_Wniosek.docx\" class=\"attachment\" rel=\"attachment noopener noreferrer wp-att-919\" target=\"_blank\" title=\"Pobierz plik DOC\"> Wniosek o wpis do rejestru dobrych praktyk w ochronie niematerialnego dziedzictwa kulturowego <\/a><\/p>\n<p><a href=\"https:\/\/niematerialne.nid.pl\/wp-content\/uploads\/2025\/06\/Krajowy-rejestr-dobrych-praktyk_Zal.1_Umowa_licencyjna-Instytucja_06.25.doc\" class=\"attachment\" rel=\"attachment noopener noreferrer wp-att-919\" target=\"_blank\" title=\"Pobierz plik DOC\"> Za\u0142\u0105cznik nr 1 do wniosku &#8211; Umowa licencyjna (Instytucja) <\/a><br \/><a href=\"https:\/\/niematerialne.nid.pl\/wp-content\/uploads\/2023\/12\/Krajowy-rejestr-dobrych-praktyk-NDK_Zal.2_Zgoda-na-przetwarzanie-danych.doc\" class=\"attachment\" rel=\"attachment noopener noreferrer wp-att-919\" target=\"_blank\" title=\"Pobierz plik DOC\"> Za\u0142\u0105cznik nr 2 do wniosku &#8211; Zgoda na przetwarzanie danych osobowych przez Narodowy Instytut Dziedzictwa <\/a><\/p>\n<p>[\/et_pb_toggle][\/et_pb_column][\/et_pb_row][\/et_pb_section][et_pb_section fb_built=&#8221;1&#8243; _builder_version=&#8221;4.7.4&#8243; _module_preset=&#8221;default&#8221; custom_margin=&#8221;43px||||false|false&#8221; custom_padding=&#8221;0px||0px||false|false&#8221; global_module=&#8221;353&#8243; saved_tabs=&#8221;all&#8221; global_colors_info=&#8221;{}&#8221;][et_pb_row column_structure=&#8221;1_3,1_3,1_3&#8243; use_custom_gutter=&#8221;on&#8221; gutter_width=&#8221;1&#8243; disabled_on=&#8221;on|on|on&#8221; _builder_version=&#8221;4.16&#8243; _module_preset=&#8221;default&#8221; background_color=&#8221;rgba(0,0,0,0)&#8221; width=&#8221;100%&#8221; max_width=&#8221;2560px&#8221; custom_padding=&#8221;0px||0px||false|false&#8221; disabled=&#8221;on&#8221; global_colors_info=&#8221;{}&#8221;][et_pb_column type=&#8221;1_3&#8243; _builder_version=&#8221;4.16&#8243; _module_preset=&#8221;default&#8221; background_color=&#8221;#e52330&#8243; global_colors_info=&#8221;{}&#8221;][et_pb_blurb title=&#8221;Logotypy NID&#8221; url_new_window=&#8221;on&#8221; use_icon=&#8221;on&#8221; font_icon=&#8221;&#xe004;||divi||400&#8243; icon_color=&#8221;#FFFFFF&#8221; icon_placement=&#8221;left&#8221; image_icon_width=&#8221;50px&#8221; module_class=&#8221;bigButtonModules&#8221; _builder_version=&#8221;4.27.2&#8243; _module_preset=&#8221;default&#8221; header_level=&#8221;h3&#8243; header_font=&#8221;|700|||||||&#8221; header_text_color=&#8221;#ffffff&#8221; body_text_color=&#8221;#ffffff&#8221; background_color=&#8221;#e52330&#8243; custom_margin=&#8221;||22px||false|false&#8221; custom_padding=&#8221;25px|25px|25px|25px|false|false&#8221; animation=&#8221;off&#8221; link_option_url=&#8221;https:\/\/nid.pl\/logotypy\/&#8221; link_option_url_new_window=&#8221;on&#8221; custom_css_blurb_image=&#8221;padding-right: 20px;||vertical-align: middle;&#8221; icon_font_size=&#8221;50px&#8221; global_colors_info=&#8221;{}&#8221;]<\/p>\n<p>Pobierz znaki promocyjne Narodowego Instytutu Dziedzictwa<\/p>\n<p>[\/et_pb_blurb][\/et_pb_column][et_pb_column type=&#8221;1_3&#8243; _builder_version=&#8221;4.16&#8243; _module_preset=&#8221;default&#8221; background_color=&#8221;#e52330&#8243; global_colors_info=&#8221;{}&#8221;][et_pb_blurb title=&#8221;Ksi\u0119garnia NID&#8221; url_new_window=&#8221;on&#8221; use_icon=&#8221;on&#8221; font_icon=&#8221;&#xe022;||divi||400&#8243; icon_color=&#8221;#FFFFFF&#8221; icon_placement=&#8221;left&#8221; image_icon_width=&#8221;50px&#8221; module_class=&#8221;bigButtonModules&#8221; _builder_version=&#8221;4.27.2&#8243; _module_preset=&#8221;default&#8221; header_level=&#8221;h3&#8243; header_font=&#8221;|700|||||||&#8221; header_text_color=&#8221;#ffffff&#8221; body_text_color=&#8221;#ffffff&#8221; background_color=&#8221;#444444&#8243; custom_margin=&#8221;||||false|false&#8221; custom_padding=&#8221;25px|25px|25px|25px|false|false&#8221; animation=&#8221;off&#8221; link_option_url=&#8221;https:\/\/ksiegarnia.nid.pl\/&#8221; link_option_url_new_window=&#8221;on&#8221; custom_css_blurb_image=&#8221;padding-right: 20px;||vertical-align: middle;&#8221; icon_font_size=&#8221;50px&#8221; global_colors_info=&#8221;{}&#8221;]<\/p>\n<p>Sprawd\u017a nasze produkty w ksi\u0119garni. Zamawiaj bez wychodzenia z domu ju\u017c teraz!<\/p>\n<p>[\/et_pb_blurb][\/et_pb_column][et_pb_column type=&#8221;1_3&#8243; _builder_version=&#8221;4.16&#8243; _module_preset=&#8221;default&#8221; background_color=&#8221;#e52330&#8243; global_colors_info=&#8221;{}&#8221;][et_pb_blurb title=&#8221;Platforma szkoleniowa&#8221; url_new_window=&#8221;on&#8221; use_icon=&#8221;on&#8221; font_icon=&#8221;&#xe0e9;||divi||400&#8243; icon_color=&#8221;#FFFFFF&#8221; icon_placement=&#8221;left&#8221; image_icon_width=&#8221;50px&#8221; module_class=&#8221;bigButtonModules&#8221; _builder_version=&#8221;4.27.2&#8243; _module_preset=&#8221;default&#8221; header_level=&#8221;h3&#8243; header_font=&#8221;|700|||||||&#8221; header_text_color=&#8221;#ffffff&#8221; body_text_color=&#8221;#ffffff&#8221; background_color=&#8221;#6b6b6b&#8221; custom_margin=&#8221;||||false|false&#8221; custom_padding=&#8221;25px|25px|25px|25px|false|false&#8221; animation=&#8221;off&#8221; link_option_url=&#8221;https:\/\/szkolenianid.learncom.pl&#8221; link_option_url_new_window=&#8221;on&#8221; custom_css_blurb_image=&#8221;padding-right: 20px;||vertical-align: middle;&#8221; icon_font_size=&#8221;50px&#8221; global_colors_info=&#8221;{}&#8221;]<\/p>\n<p>Zapisz si\u0119 na nasz\u0105 platform\u0119 e-szkoleniow\u0105 i dowiedz si\u0119 jak zarz\u0105dza\u0107 dziedzictwem i wykorzysta\u0107 jego potencja\u0142.<\/p>\n<p>[\/et_pb_blurb][\/et_pb_column][\/et_pb_row][\/et_pb_section]<\/p>","protected":false},"excerpt":{"rendered":"<p>Dyrektywy Operacyjne do Konwencji UNESCO 2003 (wersja z 2014 r.) Konwencja UNESCO w sprawie ochrony niematerialnego dziedzictwa kulturowego z 17 pa\u017adziernika 2003 r. Konwencja o ochronie d\u00f3br kulturalnych w razie [&hellip;]<\/p>","protected":false},"author":4,"featured_media":0,"parent":0,"menu_order":0,"comment_status":"closed","ping_status":"closed","template":"","meta":{"_et_pb_use_builder":"on","_et_pb_old_content":"","_et_gb_content_width":"","_monsterinsights_skip_tracking":false,"_monsterinsights_sitenote_active":false,"_monsterinsights_sitenote_note":"","_monsterinsights_sitenote_category":0,"footnotes":""},"class_list":["post-9834","page","type-page","status-publish","hentry"],"yoast_head":"<!-- This site is optimized with the Yoast SEO plugin v26.5 - https:\/\/yoast.com\/wordpress\/plugins\/seo\/ -->\n<title>Do pobrania - NID<\/title>\n<meta name=\"robots\" content=\"index, follow, max-snippet:-1, max-image-preview:large, max-video-preview:-1\" \/>\n<link rel=\"canonical\" href=\"https:\/\/niematerialne.nid.pl\/en\/do-pobrania\/\" \/>\n<meta property=\"og:locale\" content=\"en_GB\" \/>\n<meta property=\"og:type\" content=\"article\" \/>\n<meta property=\"og:title\" content=\"Do pobrania - NID\" \/>\n<meta property=\"og:description\" content=\"Dyrektywy Operacyjne do Konwencji UNESCO 2003 (wersja z 2014 r.) Konwencja UNESCO w sprawie ochrony niematerialnego dziedzictwa kulturowego z 17 pa\u017adziernika 2003 r. Konwencja o ochronie d\u00f3br kulturalnych w razie [&hellip;]\" \/>\n<meta property=\"og:url\" content=\"https:\/\/niematerialne.nid.pl\/en\/do-pobrania\/\" \/>\n<meta property=\"og:site_name\" content=\"NID\" \/>\n<meta property=\"article:modified_time\" content=\"2025-06-24T08:05:10+00:00\" \/>\n<meta name=\"twitter:card\" content=\"summary_large_image\" \/>\n<script type=\"application\/ld+json\" class=\"yoast-schema-graph\">{\"@context\":\"https:\/\/schema.org\",\"@graph\":[{\"@type\":\"WebPage\",\"@id\":\"https:\/\/niematerialne.nid.pl\/do-pobrania\/\",\"url\":\"https:\/\/niematerialne.nid.pl\/do-pobrania\/\",\"name\":\"Do pobrania - NID\",\"isPartOf\":{\"@id\":\"https:\/\/niematerialne.nid.pl\/#website\"},\"datePublished\":\"2023-12-04T13:41:09+00:00\",\"dateModified\":\"2025-06-24T08:05:10+00:00\",\"inLanguage\":\"en-GB\",\"potentialAction\":[{\"@type\":\"ReadAction\",\"target\":[\"https:\/\/niematerialne.nid.pl\/do-pobrania\/\"]}]},{\"@type\":\"WebSite\",\"@id\":\"https:\/\/niematerialne.nid.pl\/#website\",\"url\":\"https:\/\/niematerialne.nid.pl\/\",\"name\":\"NID\",\"description\":\"Narodowy Instytut Dziedzictwa\",\"publisher\":{\"@id\":\"https:\/\/niematerialne.nid.pl\/#organization\"},\"potentialAction\":[{\"@type\":\"SearchAction\",\"target\":{\"@type\":\"EntryPoint\",\"urlTemplate\":\"https:\/\/niematerialne.nid.pl\/?s={search_term_string}\"},\"query-input\":{\"@type\":\"PropertyValueSpecification\",\"valueRequired\":true,\"valueName\":\"search_term_string\"}}],\"inLanguage\":\"en-GB\"},{\"@type\":\"Organization\",\"@id\":\"https:\/\/niematerialne.nid.pl\/#organization\",\"name\":\"NID\",\"url\":\"https:\/\/niematerialne.nid.pl\/\",\"logo\":{\"@type\":\"ImageObject\",\"inLanguage\":\"en-GB\",\"@id\":\"https:\/\/niematerialne.nid.pl\/#\/schema\/logo\/image\/\",\"url\":\"https:\/\/niematerialne.nid.pl\/wp-content\/uploads\/2022\/10\/logoRedDark.png\",\"contentUrl\":\"https:\/\/niematerialne.nid.pl\/wp-content\/uploads\/2022\/10\/logoRedDark.png\",\"width\":200,\"height\":197,\"caption\":\"NID\"},\"image\":{\"@id\":\"https:\/\/niematerialne.nid.pl\/#\/schema\/logo\/image\/\"}}]}<\/script>\n<!-- \/ Yoast SEO plugin. -->","yoast_head_json":{"title":"Do pobrania - NID","robots":{"index":"index","follow":"follow","max-snippet":"max-snippet:-1","max-image-preview":"max-image-preview:large","max-video-preview":"max-video-preview:-1"},"canonical":"https:\/\/niematerialne.nid.pl\/en\/do-pobrania\/","og_locale":"en_GB","og_type":"article","og_title":"Do pobrania - NID","og_description":"Dyrektywy Operacyjne do Konwencji UNESCO 2003 (wersja z 2014 r.) Konwencja UNESCO w sprawie ochrony niematerialnego dziedzictwa kulturowego z 17 pa\u017adziernika 2003 r. Konwencja o ochronie d\u00f3br kulturalnych w razie [&hellip;]","og_url":"https:\/\/niematerialne.nid.pl\/en\/do-pobrania\/","og_site_name":"NID","article_modified_time":"2025-06-24T08:05:10+00:00","twitter_card":"summary_large_image","schema":{"@context":"https:\/\/schema.org","@graph":[{"@type":"WebPage","@id":"https:\/\/niematerialne.nid.pl\/do-pobrania\/","url":"https:\/\/niematerialne.nid.pl\/do-pobrania\/","name":"Do pobrania - NID","isPartOf":{"@id":"https:\/\/niematerialne.nid.pl\/#website"},"datePublished":"2023-12-04T13:41:09+00:00","dateModified":"2025-06-24T08:05:10+00:00","inLanguage":"en-GB","potentialAction":[{"@type":"ReadAction","target":["https:\/\/niematerialne.nid.pl\/do-pobrania\/"]}]},{"@type":"WebSite","@id":"https:\/\/niematerialne.nid.pl\/#website","url":"https:\/\/niematerialne.nid.pl\/","name":"NID","description":"Narodowy Instytut Dziedzictwa","publisher":{"@id":"https:\/\/niematerialne.nid.pl\/#organization"},"potentialAction":[{"@type":"SearchAction","target":{"@type":"EntryPoint","urlTemplate":"https:\/\/niematerialne.nid.pl\/?s={search_term_string}"},"query-input":{"@type":"PropertyValueSpecification","valueRequired":true,"valueName":"search_term_string"}}],"inLanguage":"en-GB"},{"@type":"Organization","@id":"https:\/\/niematerialne.nid.pl\/#organization","name":"NID","url":"https:\/\/niematerialne.nid.pl\/","logo":{"@type":"ImageObject","inLanguage":"en-GB","@id":"https:\/\/niematerialne.nid.pl\/#\/schema\/logo\/image\/","url":"https:\/\/niematerialne.nid.pl\/wp-content\/uploads\/2022\/10\/logoRedDark.png","contentUrl":"https:\/\/niematerialne.nid.pl\/wp-content\/uploads\/2022\/10\/logoRedDark.png","width":200,"height":197,"caption":"NID"},"image":{"@id":"https:\/\/niematerialne.nid.pl\/#\/schema\/logo\/image\/"}}]}},"_links":{"self":[{"href":"https:\/\/niematerialne.nid.pl\/en\/wp-json\/wp\/v2\/pages\/9834","targetHints":{"allow":["GET"]}}],"collection":[{"href":"https:\/\/niematerialne.nid.pl\/en\/wp-json\/wp\/v2\/pages"}],"about":[{"href":"https:\/\/niematerialne.nid.pl\/en\/wp-json\/wp\/v2\/types\/page"}],"author":[{"embeddable":true,"href":"https:\/\/niematerialne.nid.pl\/en\/wp-json\/wp\/v2\/users\/4"}],"replies":[{"embeddable":true,"href":"https:\/\/niematerialne.nid.pl\/en\/wp-json\/wp\/v2\/comments?post=9834"}],"version-history":[{"count":6,"href":"https:\/\/niematerialne.nid.pl\/en\/wp-json\/wp\/v2\/pages\/9834\/revisions"}],"predecessor-version":[{"id":23198,"href":"https:\/\/niematerialne.nid.pl\/en\/wp-json\/wp\/v2\/pages\/9834\/revisions\/23198"}],"wp:attachment":[{"href":"https:\/\/niematerialne.nid.pl\/en\/wp-json\/wp\/v2\/media?parent=9834"}],"curies":[{"name":"wp","href":"https:\/\/api.w.org\/{rel}","templated":true}]}}